{"id":4348,"date":"2025-07-10T07:12:22","date_gmt":"2025-07-10T07:12:22","guid":{"rendered":"https:\/\/webhawkers.in\/rd-tax\/?page_id=4348"},"modified":"2025-09-15T06:02:20","modified_gmt":"2025-09-15T06:02:20","slug":"impressum","status":"publish","type":"page","link":"https:\/\/rd-tax.de\/en\/impressum\/","title":{"rendered":"Imprint"},"content":{"rendered":"<div data-elementor-type=\"wp-page\" data-elementor-id=\"4348\" class=\"elementor elementor-4348\">\n\t\t\t\t<div class=\"elementor-element elementor-element-5276b68 e-flex e-con-boxed e-con e-parent\" data-id=\"5276b68\" data-element_type=\"container\" data-settings=\"{&quot;wdb_enable_cursor_hover_effect_text&quot;:&quot;View&quot;}\">\n\t\t\t\t\t<div class=\"e-con-inner\">\n\t\t\t\t<div class=\"elementor-element elementor-element-80ce82d elementor-widget elementor-widget-text-editor\" data-id=\"80ce82d\" data-element_type=\"widget\" data-settings=\"{&quot;ekit_we_effect_on&quot;:&quot;none&quot;}\" data-widget_type=\"text-editor.default\">\n\t\t\t\t<div class=\"elementor-widget-container\">\n\t\t\t\t\t\t\t\t\t<h3 data-prosemirror-content-type=\"node\" data-prosemirror-node-name=\"heading\" data-prosemirror-node-block=\"true\" data-pm-slice=\"0 0 []\">Imprint<\/h3><p data-prosemirror-content-type=\"node\" data-prosemirror-node-name=\"paragraph\" data-prosemirror-node-block=\"true\">Robin Dillitzer<br \/>Am Moosgraben 14<br \/>82272 Moorenweis<br \/>Phone: +49 176 638 08 460<br \/>Email <a class=\"css-1rn59kg\" title=\"mailto:r.dillitzer@rd-tax.de\" href=\"mailto:r.dillitzer@rd-tax.de\" data-testid=\"link-with-safety\" data-renderer-mark=\"true\">r.dillitzer@rd-tax.de<\/a><br \/>Small business owner pursuant to \u00a7 19 of the German VAT Act (UStG)<\/p><h4 data-prosemirror-content-type=\"node\" data-prosemirror-node-name=\"heading\" data-prosemirror-node-block=\"true\">Supervisory Authority<\/h4><p data-renderer-start-pos=\"173\">Chamber of Tax Advisors Munich<br \/>Public Corporation<br \/>Nederlinger Str. 9<br \/>80638 Munich, Germany<br \/>Phone: +49 89 157902 \u2013 0<br \/>Fax: +49 89 157902 \u2013 19<\/p><p data-renderer-start-pos=\"329\"><a class=\"css-1rn59kg\" title=\"https:\/\/www.steuerberaterkammer-muenchen.de\/\" href=\"https:\/\/www.steuerberaterkammer-muenchen.de\/\" data-testid=\"link-with-safety\" data-renderer-mark=\"true\">https:\/\/www.steuerberaterkammer-muenchen.de<\/a><\/p><h4 data-prosemirror-content-type=\"node\" data-prosemirror-node-name=\"heading\" data-prosemirror-node-block=\"true\">Dispute Resolution<\/h4><p data-prosemirror-content-type=\"node\" data-prosemirror-node-name=\"paragraph\" data-prosemirror-node-block=\"true\">I am neither willing nor obligated to participate in dispute resolution proceedings before a consumer arbitration board.<\/p><h4 data-prosemirror-content-type=\"node\" data-prosemirror-node-name=\"heading\" data-prosemirror-node-block=\"true\">Liability for Content<\/h4><p data-renderer-start-pos=\"537\">As a service provider, I am responsible for my own content on these pages in accordance with general laws, pursuant to \u00a7 7 (1) TMG (German Telemedia Act). However, according to \u00a7\u00a7 8 to 10 TMG, I am not obligated to monitor transmitted or stored third-party information or to investigate circumstances that indicate illegal activity.<\/p><p data-renderer-start-pos=\"892\">Obligations to remove or block the use of information under general law remain unaffected. However, liability in this respect is only possible from the moment of knowledge of a specific legal infringement. Upon becoming aware of such violations, I will remove the content immediately.<\/p><h4 data-prosemirror-content-type=\"node\" data-prosemirror-node-name=\"heading\" data-prosemirror-node-block=\"true\">Liability for Links<\/h4><p data-renderer-start-pos=\"1261\">My website contains links to external third-party websites over whose content I have no control. Therefore, I cannot accept any responsibility for these external contents. The respective provider or operator of the linked pages is always responsible for their content. The linked pages were checked for possible legal violations at the time of linking. No illegal content was identified at that time.<\/p><p data-renderer-start-pos=\"1721\">However, permanent monitoring of the content of linked pages is not reasonable without concrete evidence of a legal violation. If any infringements become known, I will remove such links immediately.<\/p><h4 data-prosemirror-content-type=\"node\" data-prosemirror-node-name=\"heading\" data-prosemirror-node-block=\"true\">Copyright<\/h4><p data-renderer-start-pos=\"1961\">The content and works created by the site operator on these pages are subject to German copyright law. The duplication, editing, distribution, and any kind of use outside the limits of copyright law require the written consent of the respective author or creator. Downloads and copies of this site are only permitted for private, non-commercial use.<\/p><p data-renderer-start-pos=\"2373\">Insofar as content on this site was not created by the operator, the copyrights of third parties are respected. In particular, third-party content is identified as such. Should you nevertheless become aware of a copyright infringement, please notify me accordingly. Upon becoming aware of any violations, I will remove such content immediately.<\/p><p data-renderer-start-pos=\"2759\">Professional Title and Professional Regulations<\/p><p data-renderer-start-pos=\"2810\">Professional title: Tax Advisor (Steuerberater)<br \/>Responsible Chamber: Chamber of Tax Advisors Munich<br \/>Awarded by: Chamber of Tax Advisors Munich, Germany<\/p><p data-renderer-start-pos=\"2950\">The following professional regulations apply:<br \/>Tax Advisory Act (StBerG)<br \/>Implementing Regulation to the Tax Advisory Act (DVStB)<br \/>Professional Code of Conduct for Tax Advisors (BOStB)<br \/>Steuerberaterverg\u00fctungsverordnung (StBVV)<\/p><p data-renderer-start-pos=\"3180\">These regulations can be viewed at the website of the Federal Chamber of Tax Advisors:\u00a0<a class=\"css-1rn59kg\" title=\"http:\/\/www.bstbk.de\/\" href=\"http:\/\/www.bstbk.de\/\" data-testid=\"link-with-safety\" data-renderer-mark=\"true\">http:\/\/www.bstbk.de<\/a><\/p><p data-renderer-start-pos=\"3269\">Information on Professional Liability Insurance<\/p><p data-renderer-start-pos=\"3312\">Name and registered office of the insurer:<br \/>Ergo Versicherungs AG<\/p><p data-renderer-start-pos=\"3367\">Ergo-Platz 1<\/p><p data-renderer-start-pos=\"3381\">40477 D\u00fcsseldorf, Germany<\/p><p data-renderer-start-pos=\"3399\">Territorial scope of coverage: Germany<\/p>\t\t\t\t\t\t\t\t<\/div>\n\t\t\t\t<\/div>\n\t\t\t\t\t<\/div>\n\t\t\t\t<\/div>\n\t\t\t\t<\/div>","protected":false},"excerpt":{"rendered":"<p>Impressum Robin DillitzerAm Moosgraben 1482272 MoorenweisTelefon: +49 176 638 08 460E-Mail: r.dillitzer@rd-tax.deKleinunternehmer iSd \u00a7 19 UStG Aufsichtsbeh\u00f6rde: Steuerberaterkammer M\u00fcnchenK\u00f6rperschaft des \u00f6ffentlichen RechtsNederlinger Str. 980638 M\u00fcnchenTelefon: 089 \/ 15 79 02 \u2013 0Telefax: 089 \/ 15 79 02 \u2013 19 https:\/\/www.steuerberaterkammer-muenchen.de Streitschlichtung Ich bin nicht bereit oder verpflichtet an Streitbeilegungsverfahren vor einer Verbraucherschlichtungsstelle teilzunehmen. Haftung f\u00fcr [&hellip;]<\/p>","protected":false},"author":1,"featured_media":0,"parent":0,"menu_order":0,"comment_status":"closed","ping_status":"closed","template":"elementor_header_footer","meta":{"footnotes":""},"class_list":["post-4348","page","type-page","status-publish","hentry"],"yoast_head":"<!-- This site is optimized with the Yoast SEO plugin v26.5 - https:\/\/yoast.com\/wordpress\/plugins\/seo\/ -->\n<title>Impressum - RD Tax<\/title>\n<meta name=\"robots\" content=\"index, follow, max-snippet:-1, max-image-preview:large, max-video-preview:-1\" \/>\n<link rel=\"canonical\" href=\"https:\/\/rd-tax.de\/en\/impressum\/\" \/>\n<meta property=\"og:locale\" content=\"en_US\" \/>\n<meta property=\"og:type\" content=\"article\" \/>\n<meta property=\"og:title\" content=\"Impressum - RD Tax\" \/>\n<meta property=\"og:description\" content=\"Impressum Robin DillitzerAm Moosgraben 1482272 MoorenweisTelefon: +49 176 638 08 460E-Mail: r.dillitzer@rd-tax.deKleinunternehmer iSd \u00a7 19 UStG Aufsichtsbeh\u00f6rde: Steuerberaterkammer M\u00fcnchenK\u00f6rperschaft des \u00f6ffentlichen RechtsNederlinger Str. 980638 M\u00fcnchenTelefon: 089 \/ 15 79 02 \u2013 0Telefax: 089 \/ 15 79 02 \u2013 19 https:\/\/www.steuerberaterkammer-muenchen.de Streitschlichtung Ich bin nicht bereit oder verpflichtet an Streitbeilegungsverfahren vor einer Verbraucherschlichtungsstelle teilzunehmen. Haftung f\u00fcr [&hellip;]\" \/>\n<meta property=\"og:url\" content=\"https:\/\/rd-tax.de\/en\/impressum\/\" \/>\n<meta property=\"og:site_name\" content=\"RD Tax\" \/>\n<meta property=\"article:modified_time\" content=\"2025-09-15T06:02:20+00:00\" \/>\n<meta name=\"twitter:card\" content=\"summary_large_image\" \/>\n<meta name=\"twitter:label1\" content=\"Est. reading time\" \/>\n\t<meta name=\"twitter:data1\" content=\"2 minutes\" \/>\n<script type=\"application\/ld+json\" class=\"yoast-schema-graph\">{\"@context\":\"https:\/\/schema.org\",\"@graph\":[{\"@type\":\"WebPage\",\"@id\":\"https:\/\/rd-tax.de\/impressum\/\",\"url\":\"https:\/\/rd-tax.de\/impressum\/\",\"name\":\"Impressum - RD Tax\",\"isPartOf\":{\"@id\":\"https:\/\/rd-tax.de\/#website\"},\"datePublished\":\"2025-07-10T07:12:22+00:00\",\"dateModified\":\"2025-09-15T06:02:20+00:00\",\"breadcrumb\":{\"@id\":\"https:\/\/rd-tax.de\/impressum\/#breadcrumb\"},\"inLanguage\":\"en-US\",\"potentialAction\":[{\"@type\":\"ReadAction\",\"target\":[\"https:\/\/rd-tax.de\/impressum\/\"]}]},{\"@type\":\"BreadcrumbList\",\"@id\":\"https:\/\/rd-tax.de\/impressum\/#breadcrumb\",\"itemListElement\":[{\"@type\":\"ListItem\",\"position\":1,\"name\":\"Start\",\"item\":\"https:\/\/rd-tax.de\/\"},{\"@type\":\"ListItem\",\"position\":2,\"name\":\"Impressum\"}]},{\"@type\":\"WebSite\",\"@id\":\"https:\/\/rd-tax.de\/#website\",\"url\":\"https:\/\/rd-tax.de\/\",\"name\":\"RD Tax\",\"description\":\"\",\"potentialAction\":[{\"@type\":\"SearchAction\",\"target\":{\"@type\":\"EntryPoint\",\"urlTemplate\":\"https:\/\/rd-tax.de\/?s={search_term_string}\"},\"query-input\":{\"@type\":\"PropertyValueSpecification\",\"valueRequired\":true,\"valueName\":\"search_term_string\"}}],\"inLanguage\":\"en-US\"}]}<\/script>\n<!-- \/ Yoast SEO plugin. -->","yoast_head_json":{"title":"Impressum - RD Tax","robots":{"index":"index","follow":"follow","max-snippet":"max-snippet:-1","max-image-preview":"max-image-preview:large","max-video-preview":"max-video-preview:-1"},"canonical":"https:\/\/rd-tax.de\/en\/impressum\/","og_locale":"en_US","og_type":"article","og_title":"Impressum - RD Tax","og_description":"Impressum Robin DillitzerAm Moosgraben 1482272 MoorenweisTelefon: +49 176 638 08 460E-Mail: r.dillitzer@rd-tax.deKleinunternehmer iSd \u00a7 19 UStG Aufsichtsbeh\u00f6rde: Steuerberaterkammer M\u00fcnchenK\u00f6rperschaft des \u00f6ffentlichen RechtsNederlinger Str. 980638 M\u00fcnchenTelefon: 089 \/ 15 79 02 \u2013 0Telefax: 089 \/ 15 79 02 \u2013 19 https:\/\/www.steuerberaterkammer-muenchen.de Streitschlichtung Ich bin nicht bereit oder verpflichtet an Streitbeilegungsverfahren vor einer Verbraucherschlichtungsstelle teilzunehmen. Haftung f\u00fcr [&hellip;]","og_url":"https:\/\/rd-tax.de\/en\/impressum\/","og_site_name":"RD Tax","article_modified_time":"2025-09-15T06:02:20+00:00","twitter_card":"summary_large_image","twitter_misc":{"Est. reading time":"2 minutes"},"schema":{"@context":"https:\/\/schema.org","@graph":[{"@type":"WebPage","@id":"https:\/\/rd-tax.de\/impressum\/","url":"https:\/\/rd-tax.de\/impressum\/","name":"Impressum - RD Tax","isPartOf":{"@id":"https:\/\/rd-tax.de\/#website"},"datePublished":"2025-07-10T07:12:22+00:00","dateModified":"2025-09-15T06:02:20+00:00","breadcrumb":{"@id":"https:\/\/rd-tax.de\/impressum\/#breadcrumb"},"inLanguage":"en-US","potentialAction":[{"@type":"ReadAction","target":["https:\/\/rd-tax.de\/impressum\/"]}]},{"@type":"BreadcrumbList","@id":"https:\/\/rd-tax.de\/impressum\/#breadcrumb","itemListElement":[{"@type":"ListItem","position":1,"name":"Start","item":"https:\/\/rd-tax.de\/"},{"@type":"ListItem","position":2,"name":"Impressum"}]},{"@type":"WebSite","@id":"https:\/\/rd-tax.de\/#website","url":"https:\/\/rd-tax.de\/","name":"RD Tax","description":"","potentialAction":[{"@type":"SearchAction","target":{"@type":"EntryPoint","urlTemplate":"https:\/\/rd-tax.de\/?s={search_term_string}"},"query-input":{"@type":"PropertyValueSpecification","valueRequired":true,"valueName":"search_term_string"}}],"inLanguage":"en-US"}]}},"_links":{"self":[{"href":"https:\/\/rd-tax.de\/en\/wp-json\/wp\/v2\/pages\/4348","targetHints":{"allow":["GET"]}}],"collection":[{"href":"https:\/\/rd-tax.de\/en\/wp-json\/wp\/v2\/pages"}],"about":[{"href":"https:\/\/rd-tax.de\/en\/wp-json\/wp\/v2\/types\/page"}],"author":[{"embeddable":true,"href":"https:\/\/rd-tax.de\/en\/wp-json\/wp\/v2\/users\/1"}],"replies":[{"embeddable":true,"href":"https:\/\/rd-tax.de\/en\/wp-json\/wp\/v2\/comments?post=4348"}],"version-history":[{"count":0,"href":"https:\/\/rd-tax.de\/en\/wp-json\/wp\/v2\/pages\/4348\/revisions"}],"wp:attachment":[{"href":"https:\/\/rd-tax.de\/en\/wp-json\/wp\/v2\/media?parent=4348"}],"curies":[{"name":"wp","href":"https:\/\/api.w.org\/{rel}","templated":true}]}}