{"id":4098,"date":"2025-06-26T05:50:35","date_gmt":"2025-06-26T05:50:35","guid":{"rendered":"https:\/\/webhawkers.in\/rd-tax\/?page_id=4098"},"modified":"2025-12-15T05:37:44","modified_gmt":"2025-12-15T05:37:44","slug":"services","status":"publish","type":"page","link":"https:\/\/rd-tax.de\/en\/services\/","title":{"rendered":"Services"},"content":{"rendered":"<div data-elementor-type=\"wp-page\" data-elementor-id=\"4098\" class=\"elementor elementor-4098\">\n\t\t\t\t<div class=\"elementor-element elementor-element-91f694a e-flex e-con-boxed e-con e-parent\" data-id=\"91f694a\" data-element_type=\"container\" data-settings=\"{&quot;background_background&quot;:&quot;classic&quot;,&quot;wdb_enable_cursor_hover_effect_text&quot;:&quot;View&quot;}\">\n\t\t\t\t\t<div class=\"e-con-inner\">\n\t\t<div class=\"elementor-element elementor-element-fa96d2c e-flex e-con-boxed e-con e-child\" data-id=\"fa96d2c\" data-element_type=\"container\" data-settings=\"{&quot;wdb_enable_cursor_hover_effect_text&quot;:&quot;View&quot;}\">\n\t\t\t\t\t<div class=\"e-con-inner\">\n\t\t\t\t<div class=\"elementor-element elementor-element-2fe7dda elementor-widget elementor-widget-heading\" data-id=\"2fe7dda\" data-element_type=\"widget\" data-settings=\"{&quot;ekit_we_effect_on&quot;:&quot;none&quot;}\" data-widget_type=\"heading.default\">\n\t\t\t\t<div class=\"elementor-widget-container\">\n\t\t\t\t\t<h2 class=\"elementor-heading-title elementor-size-default\">Discover my Services<\/h2>\t\t\t\t<\/div>\n\t\t\t\t<\/div>\n\t\t\t\t<div class=\"elementor-element elementor-element-8a813ab elementor-widget elementor-widget-text-editor\" data-id=\"8a813ab\" data-element_type=\"widget\" data-settings=\"{&quot;ekit_we_effect_on&quot;:&quot;none&quot;}\" data-widget_type=\"text-editor.default\">\n\t\t\t\t<div class=\"elementor-widget-container\">\n\t\t\t\t\t\t\t\t\t<p data-renderer-start-pos=\"40\">Here you\u2019ll find an overview of the services I offer.\nIf you have individual questions or specific concerns, please don\u2019t hesitate to contact me.<\/p>\t\t\t\t\t\t\t\t<\/div>\n\t\t\t\t<\/div>\n\t\t\t\t\t<\/div>\n\t\t\t\t<\/div>\n\t\t\t\t\t<\/div>\n\t\t\t\t<\/div>\n\t\t<div class=\"elementor-element elementor-element-a7f2268 e-flex e-con-boxed e-con e-parent\" data-id=\"a7f2268\" data-element_type=\"container\" data-settings=\"{&quot;wdb_enable_cursor_hover_effect_text&quot;:&quot;View&quot;}\">\n\t\t\t\t\t<div class=\"e-con-inner\">\n\t\t\t\t<div class=\"elementor-element elementor-element-d8de9fb elementor-widget__width-inherit elementor-widget-tablet__width-inherit elementor-widget elementor-widget-heading\" data-id=\"d8de9fb\" data-element_type=\"widget\" data-settings=\"{&quot;ekit_we_effect_on&quot;:&quot;none&quot;}\" data-widget_type=\"heading.default\">\n\t\t\t\t<div class=\"elementor-widget-container\">\n\t\t\t\t\t<h2 class=\"elementor-heading-title elementor-size-default\">I\u00b4ll assist you with the following<\/h2>\t\t\t\t<\/div>\n\t\t\t\t<\/div>\n\t\t\t\t\t<\/div>\n\t\t\t\t<\/div>\n\t\t<div class=\"elementor-element elementor-element-d98e90a e-flex e-con-boxed e-con e-parent\" data-id=\"d98e90a\" data-element_type=\"container\" data-settings=\"{&quot;wdb_enable_cursor_hover_effect_text&quot;:&quot;View&quot;}\">\n\t\t\t\t\t<div class=\"e-con-inner\">\n\t\t<div class=\"elementor-element elementor-element-636c9fa e-con-full e-flex e-con e-child\" data-id=\"636c9fa\" data-element_type=\"container\" data-settings=\"{&quot;wdb_enable_cursor_hover_effect_text&quot;:&quot;View&quot;}\">\n\t\t<div class=\"elementor-element elementor-element-d0ab107 e-con-full e-flex e-con e-child\" data-id=\"d0ab107\" data-element_type=\"container\" data-settings=\"{&quot;background_background&quot;:&quot;classic&quot;,&quot;wdb_enable_cursor_hover_effect_text&quot;:&quot;View&quot;}\">\n\t\t\t\t<div class=\"elementor-element elementor-element-4e0b3f0 elementor-position-top elementor-position-top elementor-widget elementor-widget-image-box\" data-id=\"4e0b3f0\" data-element_type=\"widget\" data-settings=\"{&quot;ekit_we_effect_on&quot;:&quot;none&quot;}\" data-widget_type=\"image-box.default\">\n\t\t\t\t<div class=\"elementor-widget-container\">\n\t\t\t\t\t<div class=\"elementor-image-box-wrapper\"><figure class=\"elementor-image-box-img\"><img fetchpriority=\"high\" decoding=\"async\" width=\"512\" height=\"512\" src=\"https:\/\/rd-tax.de\/wp-content\/uploads\/2025\/07\/taxation.png\" class=\"attachment-full size-full wp-image-4399\" alt=\"\" srcset=\"https:\/\/rd-tax.de\/wp-content\/uploads\/2025\/07\/taxation.png 512w, https:\/\/rd-tax.de\/wp-content\/uploads\/2025\/07\/taxation-300x300.png 300w, https:\/\/rd-tax.de\/wp-content\/uploads\/2025\/07\/taxation-150x150.png 150w\" sizes=\"(max-width: 512px) 100vw, 512px\" \/><\/figure><div class=\"elementor-image-box-content\"><h3 class=\"elementor-image-box-title\">Income tax <\/h3><p class=\"elementor-image-box-description\">Optimization, consulting, and preparation of income tax returns and profit-and-loss statements for private individuals, freelancers, and self-employed persons \u2013 both in national and international contexts.<\/p><\/div><\/div>\t\t\t\t<\/div>\n\t\t\t\t<\/div>\n\t\t\t\t<\/div>\n\t\t\t\t<\/div>\n\t\t<div class=\"elementor-element elementor-element-ff53ee8 e-con-full e-flex e-con e-child\" data-id=\"ff53ee8\" data-element_type=\"container\" data-settings=\"{&quot;wdb_enable_cursor_hover_effect_text&quot;:&quot;View&quot;}\">\n\t\t<div class=\"elementor-element elementor-element-e56cd2a e-con-full e-flex e-con e-child\" data-id=\"e56cd2a\" data-element_type=\"container\" data-settings=\"{&quot;background_background&quot;:&quot;classic&quot;,&quot;wdb_enable_cursor_hover_effect_text&quot;:&quot;View&quot;}\">\n\t\t\t\t<div class=\"elementor-element elementor-element-a6eab17 elementor-position-top elementor-position-top elementor-widget elementor-widget-image-box\" data-id=\"a6eab17\" data-element_type=\"widget\" data-settings=\"{&quot;ekit_we_effect_on&quot;:&quot;none&quot;}\" data-widget_type=\"image-box.default\">\n\t\t\t\t<div class=\"elementor-widget-container\">\n\t\t\t\t\t<div class=\"elementor-image-box-wrapper\"><figure class=\"elementor-image-box-img\"><img decoding=\"async\" width=\"128\" height=\"128\" src=\"https:\/\/rd-tax.de\/wp-content\/uploads\/2025\/07\/accounting-turnover.png\" class=\"attachment-full size-full wp-image-4394\" alt=\"\" \/><\/figure><div class=\"elementor-image-box-content\"><h3 class=\"elementor-image-box-title\">Accounting &amp; Turnover tax return<\/h3><\/div><\/div>\t\t\t\t<\/div>\n\t\t\t\t<\/div>\n\t\t\t\t<\/div>\n\t\t\t\t<\/div>\n\t\t<div class=\"elementor-element elementor-element-4051af9 e-con-full e-flex e-con e-child\" data-id=\"4051af9\" data-element_type=\"container\" data-settings=\"{&quot;wdb_enable_cursor_hover_effect_text&quot;:&quot;View&quot;}\">\n\t\t<div class=\"elementor-element elementor-element-8be43e2 e-con-full e-flex e-con e-child\" data-id=\"8be43e2\" data-element_type=\"container\" data-settings=\"{&quot;background_background&quot;:&quot;classic&quot;,&quot;wdb_enable_cursor_hover_effect_text&quot;:&quot;View&quot;}\">\n\t\t\t\t<div class=\"elementor-element elementor-element-e087901 elementor-position-top elementor-position-top elementor-widget elementor-widget-image-box\" data-id=\"e087901\" data-element_type=\"widget\" data-settings=\"{&quot;ekit_we_effect_on&quot;:&quot;none&quot;}\" data-widget_type=\"image-box.default\">\n\t\t\t\t<div class=\"elementor-widget-container\">\n\t\t\t\t\t<div class=\"elementor-image-box-wrapper\"><figure class=\"elementor-image-box-img\"><img decoding=\"async\" width=\"128\" height=\"128\" src=\"https:\/\/rd-tax.de\/wp-content\/uploads\/2025\/07\/international-1.png\" class=\"attachment-full size-full wp-image-4393\" alt=\"\" \/><\/figure><div class=\"elementor-image-box-content\"><h3 class=\"elementor-image-box-title\">International tax<\/h3><p class=\"elementor-image-box-description\">Cross-border income with double taxation issues, exit taxation, withholding tax and relief procedures, international inheritance and gift tax, and similar topics.<\/p><\/div><\/div>\t\t\t\t<\/div>\n\t\t\t\t<\/div>\n\t\t\t\t<\/div>\n\t\t\t\t<\/div>\n\t\t<div class=\"elementor-element elementor-element-52eaf79 e-con-full e-flex e-con e-child\" data-id=\"52eaf79\" data-element_type=\"container\" data-settings=\"{&quot;wdb_enable_cursor_hover_effect_text&quot;:&quot;View&quot;}\">\n\t\t<div class=\"elementor-element elementor-element-22257fc e-con-full e-flex e-con e-child\" data-id=\"22257fc\" data-element_type=\"container\" data-settings=\"{&quot;background_background&quot;:&quot;classic&quot;,&quot;wdb_enable_cursor_hover_effect_text&quot;:&quot;View&quot;}\">\n\t\t\t\t<div class=\"elementor-element elementor-element-9b1dc02 elementor-position-top elementor-position-top elementor-widget elementor-widget-image-box\" data-id=\"9b1dc02\" data-element_type=\"widget\" data-settings=\"{&quot;ekit_we_effect_on&quot;:&quot;none&quot;}\" data-widget_type=\"image-box.default\">\n\t\t\t\t<div class=\"elementor-widget-container\">\n\t\t\t\t\t<div class=\"elementor-image-box-wrapper\"><figure class=\"elementor-image-box-img\"><img loading=\"lazy\" decoding=\"async\" width=\"512\" height=\"512\" src=\"https:\/\/rd-tax.de\/wp-content\/uploads\/2025\/07\/report_9611852.png\" class=\"attachment-full size-full wp-image-4301\" alt=\"\" srcset=\"https:\/\/rd-tax.de\/wp-content\/uploads\/2025\/07\/report_9611852.png 512w, https:\/\/rd-tax.de\/wp-content\/uploads\/2025\/07\/report_9611852-300x300.png 300w, https:\/\/rd-tax.de\/wp-content\/uploads\/2025\/07\/report_9611852-150x150.png 150w\" sizes=\"(max-width: 512px) 100vw, 512px\" \/><\/figure><div class=\"elementor-image-box-content\"><h3 class=\"elementor-image-box-title\">Annual finacial statements and tax declaration of your company<\/h3><\/div><\/div>\t\t\t\t<\/div>\n\t\t\t\t<\/div>\n\t\t\t\t<\/div>\n\t\t\t\t<\/div>\n\t\t<div class=\"elementor-element elementor-element-97f5657 e-con-full e-flex e-con e-child\" data-id=\"97f5657\" data-element_type=\"container\" data-settings=\"{&quot;wdb_enable_cursor_hover_effect_text&quot;:&quot;View&quot;}\">\n\t\t<div class=\"elementor-element elementor-element-07233bb e-con-full e-flex e-con e-child\" data-id=\"07233bb\" data-element_type=\"container\" data-settings=\"{&quot;background_background&quot;:&quot;classic&quot;,&quot;wdb_enable_cursor_hover_effect_text&quot;:&quot;View&quot;}\">\n\t\t\t\t<div class=\"elementor-element elementor-element-d7ee878 elementor-position-top elementor-position-top elementor-widget elementor-widget-image-box\" data-id=\"d7ee878\" data-element_type=\"widget\" data-settings=\"{&quot;ekit_we_effect_on&quot;:&quot;none&quot;}\" data-widget_type=\"image-box.default\">\n\t\t\t\t<div class=\"elementor-widget-container\">\n\t\t\t\t\t<div class=\"elementor-image-box-wrapper\"><figure class=\"elementor-image-box-img\"><img loading=\"lazy\" decoding=\"async\" width=\"128\" height=\"128\" src=\"https:\/\/rd-tax.de\/wp-content\/uploads\/2025\/07\/online-chat.png\" class=\"attachment-full size-full wp-image-4396\" alt=\"\" \/><\/figure><div class=\"elementor-image-box-content\"><h3 class=\"elementor-image-box-title\">Communication with tax department<\/h3><p class=\"elementor-image-box-description\">Responding to inquiries, reviewing tax assessments, and assisting with appeals and objection procedures.<\/p><\/div><\/div>\t\t\t\t<\/div>\n\t\t\t\t<\/div>\n\t\t\t\t<\/div>\n\t\t\t\t<\/div>\n\t\t<div class=\"elementor-element elementor-element-e21a1a2 e-con-full e-flex e-con e-child\" data-id=\"e21a1a2\" data-element_type=\"container\" data-settings=\"{&quot;wdb_enable_cursor_hover_effect_text&quot;:&quot;View&quot;}\">\n\t\t<div class=\"elementor-element elementor-element-d57c2a2 e-con-full e-flex e-con e-child\" data-id=\"d57c2a2\" data-element_type=\"container\" data-settings=\"{&quot;background_background&quot;:&quot;classic&quot;,&quot;wdb_enable_cursor_hover_effect_text&quot;:&quot;View&quot;}\">\n\t\t\t\t<div class=\"elementor-element elementor-element-d77b263 elementor-position-top elementor-position-top elementor-widget elementor-widget-image-box\" data-id=\"d77b263\" data-element_type=\"widget\" data-settings=\"{&quot;ekit_we_effect_on&quot;:&quot;none&quot;}\" data-widget_type=\"image-box.default\">\n\t\t\t\t<div class=\"elementor-widget-container\">\n\t\t\t\t\t<div class=\"elementor-image-box-wrapper\"><figure class=\"elementor-image-box-img\"><img loading=\"lazy\" decoding=\"async\" width=\"512\" height=\"512\" src=\"https:\/\/rd-tax.de\/wp-content\/uploads\/2025\/07\/feedback_4802311.png\" class=\"attachment-full size-full wp-image-4296\" alt=\"\" srcset=\"https:\/\/rd-tax.de\/wp-content\/uploads\/2025\/07\/feedback_4802311.png 512w, https:\/\/rd-tax.de\/wp-content\/uploads\/2025\/07\/feedback_4802311-300x300.png 300w, https:\/\/rd-tax.de\/wp-content\/uploads\/2025\/07\/feedback_4802311-150x150.png 150w\" sizes=\"(max-width: 512px) 100vw, 512px\" \/><\/figure><div class=\"elementor-image-box-content\"><h3 class=\"elementor-image-box-title\"> Start-up consulting<\/h3><p class=\"elementor-image-box-description\">Support in starting your business activities in Germany.\n<\/p><\/div><\/div>\t\t\t\t<\/div>\n\t\t\t\t<\/div>\n\t\t\t\t<\/div>\n\t\t\t\t<\/div>\n\t\t<div class=\"elementor-element elementor-element-df90df6 e-con-full e-flex e-con e-child\" data-id=\"df90df6\" data-element_type=\"container\" data-settings=\"{&quot;wdb_enable_cursor_hover_effect_text&quot;:&quot;View&quot;}\">\n\t\t<div class=\"elementor-element elementor-element-434b2ac e-con-full e-flex e-con e-child\" data-id=\"434b2ac\" data-element_type=\"container\" data-settings=\"{&quot;background_background&quot;:&quot;classic&quot;,&quot;wdb_enable_cursor_hover_effect_text&quot;:&quot;View&quot;}\">\n\t\t\t\t<div class=\"elementor-element elementor-element-3c743b4 elementor-position-top elementor-position-top elementor-widget elementor-widget-image-box\" data-id=\"3c743b4\" data-element_type=\"widget\" data-settings=\"{&quot;ekit_we_effect_on&quot;:&quot;none&quot;}\" data-widget_type=\"image-box.default\">\n\t\t\t\t<div class=\"elementor-widget-container\">\n\t\t\t\t\t<div class=\"elementor-image-box-wrapper\"><figure class=\"elementor-image-box-img\"><img loading=\"lazy\" decoding=\"async\" width=\"128\" height=\"128\" src=\"https:\/\/rd-tax.de\/wp-content\/uploads\/2025\/07\/monitor.png\" class=\"attachment-full size-full wp-image-4397\" alt=\"\" \/><\/figure><div class=\"elementor-image-box-content\"><h3 class=\"elementor-image-box-title\">Digitalisation of your tax-related matters<\/h3><p class=\"elementor-image-box-description\">As well as all related tasks and consulting services<\/p><\/div><\/div>\t\t\t\t<\/div>\n\t\t\t\t<\/div>\n\t\t\t\t<\/div>\n\t\t\t\t<\/div>\n\t\t\t\t\t<\/div>\n\t\t\t\t<\/div>\n\t\t\t\t<\/div>","protected":false},"excerpt":{"rendered":"<p>Meine Dienstleistungen Hier finden Sie einen \u00dcberblick \u00fcber meine Leistungen. Wenn Sie dar\u00fcber hinaus individuelle Fragen oder Anliegen haben, z\u00f6gern Sie nicht, sich bei mir zu melden. Ich unterst\u00fctze Sie bei folgenden Themen Einkommensteuer Optimierung, Beratung, Erstellung der Einkommensteuererkl\u00e4rung und Einnahmen-\u00dcberschuss-Rechnung f\u00fcr Privatpersonen, Selbstst\u00e4ndige und Freiberufler \u2013 sowohl im nationalen als auch internationalen Kontext Digitale [&hellip;]<\/p>","protected":false},"author":1,"featured_media":0,"parent":0,"menu_order":0,"comment_status":"closed","ping_status":"closed","template":"elementor_header_footer","meta":{"footnotes":""},"class_list":["post-4098","page","type-page","status-publish","hentry"],"yoast_head":"<!-- This site is optimized with the Yoast SEO plugin v26.5 - https:\/\/yoast.com\/wordpress\/plugins\/seo\/ -->\n<title>Internationale Steuer-, Lohn- und Gehaltsabrechnung sowie Buchhaltungsberatung | RD Tax<\/title>\n<meta name=\"description\" content=\"RD Tax bietet Dienstleistungen in den Bereichen Buchhaltung, Einkommensteuer, Umsatzsteuererkl\u00e4rung, internationale Steuern, Unternehmenssteuererkl\u00e4rungen, Start-up-Beratung und mehr. Kontaktieren Sie uns noch heute!\" \/>\n<meta name=\"robots\" content=\"index, follow, max-snippet:-1, max-image-preview:large, max-video-preview:-1\" \/>\n<link rel=\"canonical\" href=\"https:\/\/rd-tax.de\/en\/services\/\" \/>\n<meta property=\"og:locale\" content=\"en_US\" \/>\n<meta property=\"og:type\" content=\"article\" \/>\n<meta property=\"og:title\" content=\"Internationale Steuer-, Lohn- und Gehaltsabrechnung sowie Buchhaltungsberatung | RD Tax\" \/>\n<meta property=\"og:description\" content=\"RD Tax bietet Dienstleistungen in den Bereichen Buchhaltung, Einkommensteuer, Umsatzsteuererkl\u00e4rung, internationale Steuern, Unternehmenssteuererkl\u00e4rungen, Start-up-Beratung und mehr. Kontaktieren Sie uns noch heute!\" \/>\n<meta property=\"og:url\" content=\"https:\/\/rd-tax.de\/en\/services\/\" \/>\n<meta property=\"og:site_name\" content=\"RD Tax\" \/>\n<meta property=\"article:modified_time\" content=\"2025-12-15T05:37:44+00:00\" \/>\n<meta property=\"og:image\" content=\"https:\/\/rd-tax.de\/wp-content\/uploads\/2025\/07\/taxation.png\" \/>\n<meta name=\"twitter:card\" content=\"summary_large_image\" \/>\n<meta name=\"twitter:label1\" content=\"Est. reading time\" \/>\n\t<meta name=\"twitter:data1\" content=\"3 minutes\" \/>\n<script type=\"application\/ld+json\" class=\"yoast-schema-graph\">{\"@context\":\"https:\/\/schema.org\",\"@graph\":[{\"@type\":\"WebPage\",\"@id\":\"https:\/\/rd-tax.de\/services\/\",\"url\":\"https:\/\/rd-tax.de\/services\/\",\"name\":\"Internationale Steuer-, Lohn- und Gehaltsabrechnung sowie Buchhaltungsberatung | RD Tax\",\"isPartOf\":{\"@id\":\"https:\/\/rd-tax.de\/#website\"},\"primaryImageOfPage\":{\"@id\":\"https:\/\/rd-tax.de\/services\/#primaryimage\"},\"image\":{\"@id\":\"https:\/\/rd-tax.de\/services\/#primaryimage\"},\"thumbnailUrl\":\"https:\/\/rd-tax.de\/wp-content\/uploads\/2025\/07\/taxation.png\",\"datePublished\":\"2025-06-26T05:50:35+00:00\",\"dateModified\":\"2025-12-15T05:37:44+00:00\",\"description\":\"RD Tax bietet Dienstleistungen in den Bereichen Buchhaltung, Einkommensteuer, Umsatzsteuererkl\u00e4rung, internationale Steuern, Unternehmenssteuererkl\u00e4rungen, Start-up-Beratung und mehr. Kontaktieren Sie uns noch heute!\",\"breadcrumb\":{\"@id\":\"https:\/\/rd-tax.de\/services\/#breadcrumb\"},\"inLanguage\":\"en-US\",\"potentialAction\":[{\"@type\":\"ReadAction\",\"target\":[\"https:\/\/rd-tax.de\/services\/\"]}]},{\"@type\":\"ImageObject\",\"inLanguage\":\"en-US\",\"@id\":\"https:\/\/rd-tax.de\/services\/#primaryimage\",\"url\":\"https:\/\/rd-tax.de\/wp-content\/uploads\/2025\/07\/taxation.png\",\"contentUrl\":\"https:\/\/rd-tax.de\/wp-content\/uploads\/2025\/07\/taxation.png\"},{\"@type\":\"BreadcrumbList\",\"@id\":\"https:\/\/rd-tax.de\/services\/#breadcrumb\",\"itemListElement\":[{\"@type\":\"ListItem\",\"position\":1,\"name\":\"Start\",\"item\":\"https:\/\/rd-tax.de\/\"},{\"@type\":\"ListItem\",\"position\":2,\"name\":\"Services\"}]},{\"@type\":\"WebSite\",\"@id\":\"https:\/\/rd-tax.de\/#website\",\"url\":\"https:\/\/rd-tax.de\/\",\"name\":\"RD Tax\",\"description\":\"\",\"potentialAction\":[{\"@type\":\"SearchAction\",\"target\":{\"@type\":\"EntryPoint\",\"urlTemplate\":\"https:\/\/rd-tax.de\/?s={search_term_string}\"},\"query-input\":{\"@type\":\"PropertyValueSpecification\",\"valueRequired\":true,\"valueName\":\"search_term_string\"}}],\"inLanguage\":\"en-US\"}]}<\/script>\n<!-- \/ Yoast SEO plugin. -->","yoast_head_json":{"title":"Internationale Steuer-, Lohn- und Gehaltsabrechnung sowie Buchhaltungsberatung | RD Tax","description":"RD Tax bietet Dienstleistungen in den Bereichen Buchhaltung, Einkommensteuer, Umsatzsteuererkl\u00e4rung, internationale Steuern, Unternehmenssteuererkl\u00e4rungen, Start-up-Beratung und mehr. Kontaktieren Sie uns noch heute!","robots":{"index":"index","follow":"follow","max-snippet":"max-snippet:-1","max-image-preview":"max-image-preview:large","max-video-preview":"max-video-preview:-1"},"canonical":"https:\/\/rd-tax.de\/en\/services\/","og_locale":"en_US","og_type":"article","og_title":"Internationale Steuer-, Lohn- und Gehaltsabrechnung sowie Buchhaltungsberatung | RD Tax","og_description":"RD Tax bietet Dienstleistungen in den Bereichen Buchhaltung, Einkommensteuer, Umsatzsteuererkl\u00e4rung, internationale Steuern, Unternehmenssteuererkl\u00e4rungen, Start-up-Beratung und mehr. Kontaktieren Sie uns noch heute!","og_url":"https:\/\/rd-tax.de\/en\/services\/","og_site_name":"RD Tax","article_modified_time":"2025-12-15T05:37:44+00:00","og_image":[{"url":"https:\/\/rd-tax.de\/wp-content\/uploads\/2025\/07\/taxation.png","type":"","width":"","height":""}],"twitter_card":"summary_large_image","twitter_misc":{"Est. reading time":"3 minutes"},"schema":{"@context":"https:\/\/schema.org","@graph":[{"@type":"WebPage","@id":"https:\/\/rd-tax.de\/services\/","url":"https:\/\/rd-tax.de\/services\/","name":"Internationale Steuer-, Lohn- und Gehaltsabrechnung sowie Buchhaltungsberatung | RD Tax","isPartOf":{"@id":"https:\/\/rd-tax.de\/#website"},"primaryImageOfPage":{"@id":"https:\/\/rd-tax.de\/services\/#primaryimage"},"image":{"@id":"https:\/\/rd-tax.de\/services\/#primaryimage"},"thumbnailUrl":"https:\/\/rd-tax.de\/wp-content\/uploads\/2025\/07\/taxation.png","datePublished":"2025-06-26T05:50:35+00:00","dateModified":"2025-12-15T05:37:44+00:00","description":"RD Tax bietet Dienstleistungen in den Bereichen Buchhaltung, Einkommensteuer, Umsatzsteuererkl\u00e4rung, internationale Steuern, Unternehmenssteuererkl\u00e4rungen, Start-up-Beratung und mehr. Kontaktieren Sie uns noch heute!","breadcrumb":{"@id":"https:\/\/rd-tax.de\/services\/#breadcrumb"},"inLanguage":"en-US","potentialAction":[{"@type":"ReadAction","target":["https:\/\/rd-tax.de\/services\/"]}]},{"@type":"ImageObject","inLanguage":"en-US","@id":"https:\/\/rd-tax.de\/services\/#primaryimage","url":"https:\/\/rd-tax.de\/wp-content\/uploads\/2025\/07\/taxation.png","contentUrl":"https:\/\/rd-tax.de\/wp-content\/uploads\/2025\/07\/taxation.png"},{"@type":"BreadcrumbList","@id":"https:\/\/rd-tax.de\/services\/#breadcrumb","itemListElement":[{"@type":"ListItem","position":1,"name":"Start","item":"https:\/\/rd-tax.de\/"},{"@type":"ListItem","position":2,"name":"Services"}]},{"@type":"WebSite","@id":"https:\/\/rd-tax.de\/#website","url":"https:\/\/rd-tax.de\/","name":"RD Tax","description":"","potentialAction":[{"@type":"SearchAction","target":{"@type":"EntryPoint","urlTemplate":"https:\/\/rd-tax.de\/?s={search_term_string}"},"query-input":{"@type":"PropertyValueSpecification","valueRequired":true,"valueName":"search_term_string"}}],"inLanguage":"en-US"}]}},"_links":{"self":[{"href":"https:\/\/rd-tax.de\/en\/wp-json\/wp\/v2\/pages\/4098","targetHints":{"allow":["GET"]}}],"collection":[{"href":"https:\/\/rd-tax.de\/en\/wp-json\/wp\/v2\/pages"}],"about":[{"href":"https:\/\/rd-tax.de\/en\/wp-json\/wp\/v2\/types\/page"}],"author":[{"embeddable":true,"href":"https:\/\/rd-tax.de\/en\/wp-json\/wp\/v2\/users\/1"}],"replies":[{"embeddable":true,"href":"https:\/\/rd-tax.de\/en\/wp-json\/wp\/v2\/comments?post=4098"}],"version-history":[{"count":0,"href":"https:\/\/rd-tax.de\/en\/wp-json\/wp\/v2\/pages\/4098\/revisions"}],"wp:attachment":[{"href":"https:\/\/rd-tax.de\/en\/wp-json\/wp\/v2\/media?parent=4098"}],"curies":[{"name":"wp","href":"https:\/\/api.w.org\/{rel}","templated":true}]}}