{"id":1122,"date":"2024-10-09T07:22:06","date_gmt":"2024-10-09T07:22:06","guid":{"rendered":"https:\/\/helpdesk-zenix.keystonedemo.com\/?page_id=1122"},"modified":"2025-12-15T05:38:56","modified_gmt":"2025-12-15T05:38:56","slug":"contact","status":"publish","type":"page","link":"https:\/\/rd-tax.de\/en\/contact\/","title":{"rendered":"Contact"},"content":{"rendered":"<div data-elementor-type=\"wp-page\" data-elementor-id=\"1122\" class=\"elementor elementor-1122\">\n\t\t\t\t<div class=\"elementor-element elementor-element-91f694a e-flex e-con-boxed e-con e-parent\" data-id=\"91f694a\" data-element_type=\"container\" data-settings=\"{&quot;background_background&quot;:&quot;classic&quot;,&quot;wdb_enable_cursor_hover_effect_text&quot;:&quot;View&quot;}\">\n\t\t\t\t\t<div class=\"e-con-inner\">\n\t\t<div class=\"elementor-element elementor-element-fa96d2c e-flex e-con-boxed e-con e-child\" data-id=\"fa96d2c\" data-element_type=\"container\" data-settings=\"{&quot;wdb_enable_cursor_hover_effect_text&quot;:&quot;View&quot;}\">\n\t\t\t\t\t<div class=\"e-con-inner\">\n\t\t\t\t<div class=\"elementor-element elementor-element-2fe7dda elementor-widget elementor-widget-heading\" data-id=\"2fe7dda\" data-element_type=\"widget\" data-settings=\"{&quot;ekit_we_effect_on&quot;:&quot;none&quot;}\" data-widget_type=\"heading.default\">\n\t\t\t\t<div class=\"elementor-widget-container\">\n\t\t\t\t\t<h2 class=\"elementor-heading-title elementor-size-default\">Please feel free to contact me<\/h2>\t\t\t\t<\/div>\n\t\t\t\t<\/div>\n\t\t\t\t<div class=\"elementor-element elementor-element-8a813ab elementor-widget elementor-widget-text-editor\" data-id=\"8a813ab\" data-element_type=\"widget\" data-settings=\"{&quot;ekit_we_effect_on&quot;:&quot;none&quot;}\" data-widget_type=\"text-editor.default\">\n\t\t\t\t<div class=\"elementor-widget-container\">\n\t\t\t\t\t\t\t\t\t<p data-prosemirror-content-type=\"node\" data-prosemirror-node-name=\"paragraph\" data-prosemirror-node-block=\"true\" data-pm-slice=\"1 1 []\">I look forward to meeting you personally.<\/p>\t\t\t\t\t\t\t\t<\/div>\n\t\t\t\t<\/div>\n\t\t\t\t\t<\/div>\n\t\t\t\t<\/div>\n\t\t\t\t\t<\/div>\n\t\t\t\t<\/div>\n\t\t<div class=\"elementor-element elementor-element-a7f2268 e-flex e-con-boxed e-con e-parent\" data-id=\"a7f2268\" data-element_type=\"container\" data-settings=\"{&quot;wdb_enable_cursor_hover_effect_text&quot;:&quot;View&quot;}\">\n\t\t\t\t\t<div class=\"e-con-inner\">\n\t\t\t\t<div class=\"elementor-element elementor-element-d8de9fb elementor-widget__width-inherit elementor-widget-tablet__width-inherit elementor-widget elementor-widget-heading\" data-id=\"d8de9fb\" data-element_type=\"widget\" data-settings=\"{&quot;ekit_we_effect_on&quot;:&quot;none&quot;}\" data-widget_type=\"heading.default\">\n\t\t\t\t<div class=\"elementor-widget-container\">\n\t\t\t\t\t<h2 class=\"elementor-heading-title elementor-size-default\">Please fill in this field<\/h2>\t\t\t\t<\/div>\n\t\t\t\t<\/div>\n\t\t\t\t\t<\/div>\n\t\t\t\t<\/div>\n\t\t<div class=\"elementor-element elementor-element-718b51d e-flex e-con-boxed e-con e-parent\" data-id=\"718b51d\" data-element_type=\"container\" data-settings=\"{&quot;wdb_enable_cursor_hover_effect_text&quot;:&quot;View&quot;,&quot;background_background&quot;:&quot;classic&quot;}\">\n\t\t\t\t\t<div class=\"e-con-inner\">\n\t\t<div class=\"elementor-element elementor-element-bff1bb1 e-con-full e-flex e-con e-child\" data-id=\"bff1bb1\" data-element_type=\"container\" data-settings=\"{&quot;wdb_enable_cursor_hover_effect_text&quot;:&quot;View&quot;}\">\n\t\t<div class=\"elementor-element elementor-element-32d4960 e-con-full e-flex e-con e-child\" data-id=\"32d4960\" data-element_type=\"container\" data-settings=\"{&quot;wdb_enable_cursor_hover_effect_text&quot;:&quot;View&quot;}\">\n\t\t<div class=\"elementor-element elementor-element-f6b3956 e-con-full e-flex e-con e-child\" data-id=\"f6b3956\" data-element_type=\"container\" data-settings=\"{&quot;wdb_enable_cursor_hover_effect_text&quot;:&quot;View&quot;}\">\n\t\t<div class=\"elementor-element elementor-element-7d00817 e-con-full e-flex e-con e-child\" data-id=\"7d00817\" data-element_type=\"container\" data-settings=\"{&quot;wdb_enable_cursor_hover_effect_text&quot;:&quot;View&quot;}\">\n\t\t\t\t<div class=\"elementor-element elementor-element-f147e2f icon-position-before elementor-widget elementor-widget-wdb--contact-form-7\" data-id=\"f147e2f\" data-element_type=\"widget\" data-settings=\"{&quot;ekit_we_effect_on&quot;:&quot;none&quot;}\" data-widget_type=\"wdb--contact-form-7.default\">\n\t\t\t\t<div class=\"elementor-widget-container\">\n\t\t\t\t\t\t\t<div class=\"wdb--form-wrapper\" btn-hover=\"btn-hover-none\" >\r\n\t\t\t\n<div class=\"wpcf7 no-js\" id=\"wpcf7-f1191-o1\" lang=\"en-US\" dir=\"ltr\" data-wpcf7-id=\"1191\">\n<div class=\"screen-reader-response\"><p role=\"status\" aria-live=\"polite\" aria-atomic=\"true\"><\/p> <ul><\/ul><\/div>\n<form action=\"\/en\/wp-json\/wp\/v2\/pages\/1122#wpcf7-f1191-o1\" method=\"post\" class=\"wpcf7-form init\" aria-label=\"Contact form\" novalidate=\"novalidate\" data-status=\"init\" data-trp-original-action=\"\/en\/wp-json\/wp\/v2\/pages\/1122#wpcf7-f1191-o1\">\n<div style=\"display: none;\">\n<input type=\"hidden\" name=\"_wpcf7\" value=\"1191\" \/>\n<input type=\"hidden\" name=\"_wpcf7_version\" value=\"6.0.6\" \/>\n<input type=\"hidden\" name=\"_wpcf7_locale\" value=\"en_US\" \/>\n<input type=\"hidden\" name=\"_wpcf7_unit_tag\" value=\"wpcf7-f1191-o1\" \/>\n<input type=\"hidden\" name=\"_wpcf7_container_post\" value=\"0\" \/>\n<input type=\"hidden\" name=\"_wpcf7_posted_data_hash\" value=\"\" \/>\n<\/div>\n<div class=\"custom-form-wrapper\">\n\t<div class=\"form-group\">\n\t\t<p><label for=\"your-name\">Name<br \/>\n<span class=\"wpcf7-form-control-wrap your-name\"><br \/>\n<span class=\"wpcf7-form-control-wrap\" data-name=\"your-name\"><input size=\"40\" maxlength=\"400\" class=\"wpcf7-form-control wpcf7-text wpcf7-validates-as-required\" id=\"your-name\" aria-required=\"true\" aria-invalid=\"false\" placeholder=\"E.g . Max Mustermann\" value=\"\" type=\"text\" name=\"your-name\" \/><\/span><br \/>\n<\/span><br \/>\n<\/label>\n\t\t<\/p>\n\t<\/div>\n\t<div class=\"form-group\">\n\t\t<p><label for=\"your-topic\">Topic<br \/>\n<span class=\"wpcf7-form-control-wrap your-topic\"><br \/>\n<span class=\"wpcf7-form-control-wrap\" data-name=\"your-topic\"><select class=\"wpcf7-form-control wpcf7-select wpcf7-validates-as-required\" id=\"your-topic\" aria-required=\"true\" aria-invalid=\"false\" name=\"your-topic\"><option value=\"\">Please choose your topic<\/option><option value=\"Einkommensteuer\">Income tax<\/option><option value=\"Digitale Buchhaltung &amp; Umsatzsteuer-Voranmeldungen\">digitalisation of tax documents<\/option><option value=\"Beratung bei internationalen Fragestellungen\">International tax<\/option><option value=\"Jahresabschlusserstellung &amp; Erstellung aller Steuererkl\u00e4rungen f\u00fcr Ihr Unternehmen\">annual tax declaration for your company<\/option><option value=\"Laufende Kommunikation mit Finanzbeh\u00f6rden\">Communication with tax department<\/option><option value=\"Existenzgr\u00fcndungsberatung\">Start-up consulting<\/option><option value=\"Digitalisierung Ihrer steuerrechtlichen Angelegenheiten\">Digitalisation of your tax-related matters<\/option><option value=\"Sonstiges\">Other<\/option><\/select><\/span><br \/>\n<\/span><br \/>\n<\/label>\n\t\t<\/p>\n\t<\/div>\n\t<div class=\"form-group\">\n\t\t<p><label for=\"your-phone\">Phone<br \/>\n<span class=\"wpcf7-form-control-wrap your-phone\"><br \/>\n<span class=\"wpcf7-form-control-wrap\" data-name=\"your-phone\"><input size=\"40\" maxlength=\"400\" class=\"wpcf7-form-control wpcf7-tel wpcf7-validates-as-required wpcf7-text wpcf7-validates-as-tel\" id=\"your-phone\" aria-required=\"true\" aria-invalid=\"false\" placeholder=\"E.g. +49 123 456789\" value=\"\" type=\"tel\" name=\"your-phone\" \/><\/span><br \/>\n<\/span><br \/>\n<\/label>\n\t\t<\/p>\n\t<\/div>\n\t<div class=\"form-group\">\n\t\t<p><label for=\"your-email\">E-Mail<br \/>\n<span class=\"wpcf7-form-control-wrap your-email\"><br \/>\n<span class=\"wpcf7-form-control-wrap\" data-name=\"your-email\"><input size=\"40\" maxlength=\"400\" class=\"wpcf7-form-control wpcf7-email wpcf7-validates-as-required wpcf7-text wpcf7-validates-as-email\" id=\"your-email\" aria-required=\"true\" aria-invalid=\"false\" placeholder=\"E.g. Contact@beispiel.de\" value=\"\" type=\"email\" name=\"your-email\" \/><\/span><br \/>\n<\/span><br \/>\n<\/label>\n\t\t<\/p>\n\t<\/div>\n\t<div class=\"form-group\">\n\t\t<p><label for=\"your-company\"><\/label>\n\t\t<\/p>\n\t\t<h5 class=\"h6-label\">Message\n\t\t<\/h5>\n\t\t<p><span class=\"wpcf7-form-control-wrap your-company\"><br \/>\n<span class=\"wpcf7-form-control-wrap\" data-name=\"your-company\"><textarea cols=\"40\" rows=\"10\" maxlength=\"2000\" class=\"wpcf7-form-control wpcf7-textarea\" id=\"your-company\" aria-invalid=\"false\" placeholder=\"Message\" name=\"your-company\"><\/textarea><\/span><br \/>\n<\/span><br \/>\n\t\t<\/p>\n\t<\/div>\n\t<div class=\"form-group submit-btn\">\n\t\t<p><input class=\"wpcf7-form-control wpcf7-submit has-spinner\" type=\"submit\" value=\"Submit\" \/>\n\t\t<\/p>\n\t<\/div>\n<\/div><p style=\"display: none !important;\" class=\"akismet-fields-container\" data-prefix=\"_wpcf7_ak_\"><label>&#916;<textarea name=\"_wpcf7_ak_hp_textarea\" cols=\"45\" rows=\"8\" maxlength=\"100\"><\/textarea><\/label><input type=\"hidden\" id=\"ak_js_1\" name=\"_wpcf7_ak_js\" value=\"26\"\/><script>document.getElementById( \"ak_js_1\" ).setAttribute( \"value\", ( new Date() ).getTime() );<\/script><\/p><div class=\"wpcf7-response-output\" aria-hidden=\"true\"><\/div>\n<input type=\"hidden\" name=\"trp-form-language\" value=\"en\"\/><\/form>\n<\/div>\n            <div class=\"btn-icon elementor-screen-only\">\r\n\t                        <\/div>\r\n\t\t<\/div>\r\n\r\n\t\t\t\t\t\t<\/div>\n\t\t\t\t<\/div>\n\t\t\t\t<\/div>\n\t\t<div class=\"elementor-element elementor-element-ec39ecc e-con-full e-flex e-con e-child\" data-id=\"ec39ecc\" data-element_type=\"container\" data-settings=\"{&quot;wdb_enable_cursor_hover_effect_text&quot;:&quot;View&quot;,&quot;background_background&quot;:&quot;classic&quot;}\">\n\t\t\t\t<div class=\"elementor-element elementor-element-92c92b1 elementor-widget-mobile__width-inherit elementor-widget__width-inherit elementor-view-default elementor-position-top elementor-mobile-position-top elementor-widget elementor-widget-icon-box\" data-id=\"92c92b1\" data-element_type=\"widget\" data-settings=\"{&quot;ekit_we_effect_on&quot;:&quot;none&quot;}\" data-widget_type=\"icon-box.default\">\n\t\t\t\t<div class=\"elementor-widget-container\">\n\t\t\t\t\t\t\t<div class=\"elementor-icon-box-wrapper\">\n\n\t\t\t\t\t\t<div class=\"elementor-icon-box-icon\">\n\t\t\t\t<a href=\"tel:+0176%20638%2008%20460\" class=\"elementor-icon\" tabindex=\"-1\" aria-label=\"Call me\">\n\t\t\t\t<i aria-hidden=\"true\" class=\"icon icon-phone1\"><\/i>\t\t\t\t<\/a>\n\t\t\t<\/div>\n\t\t\t\n\t\t\t\t\t\t<div class=\"elementor-icon-box-content\">\n\n\t\t\t\t\t\t\t\t\t<h6 class=\"elementor-icon-box-title\">\n\t\t\t\t\t\t<a href=\"tel:+0176%20638%2008%20460\" >\n\t\t\t\t\t\t\tCall me\t\t\t\t\t\t<\/a>\n\t\t\t\t\t<\/h6>\n\t\t\t\t\n\t\t\t\t\t\t\t\t\t<p class=\"elementor-icon-box-description\">\n\t\t\t\t\t\t<a href=\"tel:+49 176 638 08 460\" style=\"color:white;\">+49 176 638 08 460<\/a>\t\t\t\t\t<\/p>\n\t\t\t\t\n\t\t\t<\/div>\n\t\t\t\n\t\t<\/div>\n\t\t\t\t\t\t<\/div>\n\t\t\t\t<\/div>\n\t\t\t\t<div class=\"elementor-element elementor-element-9e275fc elementor-widget-mobile__width-inherit elementor-widget__width-inherit elementor-view-default elementor-position-top elementor-mobile-position-top elementor-widget elementor-widget-icon-box\" data-id=\"9e275fc\" data-element_type=\"widget\" data-settings=\"{&quot;ekit_we_effect_on&quot;:&quot;none&quot;}\" data-widget_type=\"icon-box.default\">\n\t\t\t\t<div class=\"elementor-widget-container\">\n\t\t\t\t\t\t\t<div class=\"elementor-icon-box-wrapper\">\n\n\t\t\t\t\t\t<div class=\"elementor-icon-box-icon\">\n\t\t\t\t<a href=\"mailto:r.dillitzer@rd-tax.de\" class=\"elementor-icon\" tabindex=\"-1\" aria-label=\"Mail Me\">\n\t\t\t\t<i aria-hidden=\"true\" class=\"icon icon-email1\"><\/i>\t\t\t\t<\/a>\n\t\t\t<\/div>\n\t\t\t\n\t\t\t\t\t\t<div class=\"elementor-icon-box-content\">\n\n\t\t\t\t\t\t\t\t\t<h5 class=\"elementor-icon-box-title\">\n\t\t\t\t\t\t<a href=\"mailto:r.dillitzer@rd-tax.de\" >\n\t\t\t\t\t\t\tMail Me\t\t\t\t\t\t<\/a>\n\t\t\t\t\t<\/h5>\n\t\t\t\t\n\t\t\t\t\t\t\t\t\t<p class=\"elementor-icon-box-description\">\n\t\t\t\t\t\t<a href=\"mailto:r.dillitzer@rd-tax.de\" style=\"color:white;\">r.dillitzer@rd-tax.de<\/a>\t\t\t\t\t<\/p>\n\t\t\t\t\n\t\t\t<\/div>\n\t\t\t\n\t\t<\/div>\n\t\t\t\t\t\t<\/div>\n\t\t\t\t<\/div>\n\t\t\t\t<\/div>\n\t\t\t\t<\/div>\n\t\t\t\t<\/div>\n\t\t\t\t<\/div>\n\t\t\t\t\t<\/div>\n\t\t\t\t<\/div>\n\t\t<div class=\"elementor-element elementor-element-95bf02d elementor-hidden-desktop elementor-hidden-tablet elementor-hidden-mobile e-flex e-con-boxed e-con e-parent\" data-id=\"95bf02d\" data-element_type=\"container\" data-settings=\"{&quot;wdb_enable_cursor_hover_effect_text&quot;:&quot;View&quot;}\">\n\t\t\t\t\t<div class=\"e-con-inner\">\n\t\t\t\t<div class=\"elementor-element elementor-element-ae240e6 elementor-widget elementor-widget-text-editor\" data-id=\"ae240e6\" data-element_type=\"widget\" data-settings=\"{&quot;ekit_we_effect_on&quot;:&quot;none&quot;}\" data-widget_type=\"text-editor.default\">\n\t\t\t\t<div class=\"elementor-widget-container\">\n\t\t\t\t\t\t\t\t\t<p>Please choose your topic<\/p><p>Income tax<\/p><p>digitalisation of tax documents<\/p><p>International tax<\/p><p>annual tax declaration for your company<\/p><p>Communication with tax department<\/p><p>Start-up consulting<\/p><p>Digitalisation of your tax-related matters<\/p><p>e.g. +49 123 456789<\/p><p>e.g. contact@example.de<\/p><p>e.g. Max Mustermann<br \/><br \/>Other<\/p>\t\t\t\t\t\t\t\t<\/div>\n\t\t\t\t<\/div>\n\t\t\t\t\t<\/div>\n\t\t\t\t<\/div>\n\t\t\t\t<\/div>","protected":false},"excerpt":{"rendered":"<p>Kontaktieren Sie mich gern Ich freue mich, Sie pers\u00f6nlich kennenzulernen. Bitte f\u00fcllen Sie dieses Feld aus Name Thema Bitte w\u00e4hlen Sie eine OptionEinkommensteuerDigitale Buchhaltung &amp; Umsatzsteuer-VoranmeldungenBeratung bei internationalen FragestellungenJahresabschlusserstellung &amp; Erstellung aller Steuererkl\u00e4rungen f\u00fcr Ihr UnternehmenLaufende Kommunikation mit Finanzbeh\u00f6rdenExistenzgr\u00fcndungsberatungDigitalisierung Ihrer steuerrechtlichen AngelegenheitenSonstiges Telefon E-Mail Nachricht &#916; Rufen Sie mich an +49 176 638 08 460 [&hellip;]<\/p>","protected":false},"author":1,"featured_media":0,"parent":0,"menu_order":0,"comment_status":"closed","ping_status":"closed","template":"elementor_header_footer","meta":{"footnotes":""},"class_list":["post-1122","page","type-page","status-publish","hentry"],"yoast_head":"<!-- This site is optimized with the Yoast SEO plugin v26.5 - https:\/\/yoast.com\/wordpress\/plugins\/seo\/ -->\n<title>Kontakt RD Tax | Steuerberatung &amp; Buchhaltung M\u00fcnchen<\/title>\n<meta name=\"description\" content=\"Wenden Sie sich an RD Tax f\u00fcr Steuerberatung, Buchhaltung und Consulting in M\u00fcnchen. Wir unterst\u00fctzen Freiberufler, Start-ups und Privatpersonen mit reibungslosen, stressfreien Steuerl\u00f6sungen.\" \/>\n<meta name=\"robots\" content=\"index, follow, max-snippet:-1, max-image-preview:large, max-video-preview:-1\" \/>\n<link rel=\"canonical\" href=\"https:\/\/rd-tax.de\/en\/contact\/\" \/>\n<meta property=\"og:locale\" content=\"en_US\" \/>\n<meta property=\"og:type\" content=\"article\" \/>\n<meta property=\"og:title\" content=\"Kontakt RD Tax | Steuerberatung &amp; Buchhaltung M\u00fcnchen\" \/>\n<meta property=\"og:description\" content=\"Wenden Sie sich an RD Tax f\u00fcr Steuerberatung, Buchhaltung und Consulting in M\u00fcnchen. Wir unterst\u00fctzen Freiberufler, Start-ups und Privatpersonen mit reibungslosen, stressfreien Steuerl\u00f6sungen.\" \/>\n<meta property=\"og:url\" content=\"https:\/\/rd-tax.de\/en\/contact\/\" \/>\n<meta property=\"og:site_name\" content=\"RD Tax\" \/>\n<meta property=\"article:modified_time\" content=\"2025-12-15T05:38:56+00:00\" \/>\n<meta name=\"twitter:card\" content=\"summary_large_image\" \/>\n<meta name=\"twitter:label1\" content=\"Est. reading time\" \/>\n\t<meta name=\"twitter:data1\" content=\"1 minute\" \/>\n<script type=\"application\/ld+json\" class=\"yoast-schema-graph\">{\"@context\":\"https:\/\/schema.org\",\"@graph\":[{\"@type\":\"WebPage\",\"@id\":\"https:\/\/rd-tax.de\/contact\/\",\"url\":\"https:\/\/rd-tax.de\/contact\/\",\"name\":\"Kontakt RD Tax | Steuerberatung & Buchhaltung M\u00fcnchen\",\"isPartOf\":{\"@id\":\"https:\/\/rd-tax.de\/#website\"},\"datePublished\":\"2024-10-09T07:22:06+00:00\",\"dateModified\":\"2025-12-15T05:38:56+00:00\",\"description\":\"Wenden Sie sich an RD Tax f\u00fcr Steuerberatung, Buchhaltung und Consulting in M\u00fcnchen. Wir unterst\u00fctzen Freiberufler, Start-ups und Privatpersonen mit reibungslosen, stressfreien Steuerl\u00f6sungen.\",\"breadcrumb\":{\"@id\":\"https:\/\/rd-tax.de\/contact\/#breadcrumb\"},\"inLanguage\":\"en-US\",\"potentialAction\":[{\"@type\":\"ReadAction\",\"target\":[\"https:\/\/rd-tax.de\/contact\/\"]}]},{\"@type\":\"BreadcrumbList\",\"@id\":\"https:\/\/rd-tax.de\/contact\/#breadcrumb\",\"itemListElement\":[{\"@type\":\"ListItem\",\"position\":1,\"name\":\"Start\",\"item\":\"https:\/\/rd-tax.de\/\"},{\"@type\":\"ListItem\",\"position\":2,\"name\":\"Contact\"}]},{\"@type\":\"WebSite\",\"@id\":\"https:\/\/rd-tax.de\/#website\",\"url\":\"https:\/\/rd-tax.de\/\",\"name\":\"RD Tax\",\"description\":\"\",\"potentialAction\":[{\"@type\":\"SearchAction\",\"target\":{\"@type\":\"EntryPoint\",\"urlTemplate\":\"https:\/\/rd-tax.de\/?s={search_term_string}\"},\"query-input\":{\"@type\":\"PropertyValueSpecification\",\"valueRequired\":true,\"valueName\":\"search_term_string\"}}],\"inLanguage\":\"en-US\"}]}<\/script>\n<!-- \/ Yoast SEO plugin. -->","yoast_head_json":{"title":"Kontakt RD Tax | Steuerberatung & Buchhaltung M\u00fcnchen","description":"Wenden Sie sich an RD Tax f\u00fcr Steuerberatung, Buchhaltung und Consulting in M\u00fcnchen. Wir unterst\u00fctzen Freiberufler, Start-ups und Privatpersonen mit reibungslosen, stressfreien Steuerl\u00f6sungen.","robots":{"index":"index","follow":"follow","max-snippet":"max-snippet:-1","max-image-preview":"max-image-preview:large","max-video-preview":"max-video-preview:-1"},"canonical":"https:\/\/rd-tax.de\/en\/contact\/","og_locale":"en_US","og_type":"article","og_title":"Kontakt RD Tax | Steuerberatung & Buchhaltung M\u00fcnchen","og_description":"Wenden Sie sich an RD Tax f\u00fcr Steuerberatung, Buchhaltung und Consulting in M\u00fcnchen. Wir unterst\u00fctzen Freiberufler, Start-ups und Privatpersonen mit reibungslosen, stressfreien Steuerl\u00f6sungen.","og_url":"https:\/\/rd-tax.de\/en\/contact\/","og_site_name":"RD Tax","article_modified_time":"2025-12-15T05:38:56+00:00","twitter_card":"summary_large_image","twitter_misc":{"Est. reading time":"1 minute"},"schema":{"@context":"https:\/\/schema.org","@graph":[{"@type":"WebPage","@id":"https:\/\/rd-tax.de\/contact\/","url":"https:\/\/rd-tax.de\/contact\/","name":"Kontakt RD Tax | Steuerberatung & Buchhaltung M\u00fcnchen","isPartOf":{"@id":"https:\/\/rd-tax.de\/#website"},"datePublished":"2024-10-09T07:22:06+00:00","dateModified":"2025-12-15T05:38:56+00:00","description":"Wenden Sie sich an RD Tax f\u00fcr Steuerberatung, Buchhaltung und Consulting in M\u00fcnchen. Wir unterst\u00fctzen Freiberufler, Start-ups und Privatpersonen mit reibungslosen, stressfreien Steuerl\u00f6sungen.","breadcrumb":{"@id":"https:\/\/rd-tax.de\/contact\/#breadcrumb"},"inLanguage":"en-US","potentialAction":[{"@type":"ReadAction","target":["https:\/\/rd-tax.de\/contact\/"]}]},{"@type":"BreadcrumbList","@id":"https:\/\/rd-tax.de\/contact\/#breadcrumb","itemListElement":[{"@type":"ListItem","position":1,"name":"Start","item":"https:\/\/rd-tax.de\/"},{"@type":"ListItem","position":2,"name":"Contact"}]},{"@type":"WebSite","@id":"https:\/\/rd-tax.de\/#website","url":"https:\/\/rd-tax.de\/","name":"RD Tax","description":"","potentialAction":[{"@type":"SearchAction","target":{"@type":"EntryPoint","urlTemplate":"https:\/\/rd-tax.de\/?s={search_term_string}"},"query-input":{"@type":"PropertyValueSpecification","valueRequired":true,"valueName":"search_term_string"}}],"inLanguage":"en-US"}]}},"_links":{"self":[{"href":"https:\/\/rd-tax.de\/en\/wp-json\/wp\/v2\/pages\/1122","targetHints":{"allow":["GET"]}}],"collection":[{"href":"https:\/\/rd-tax.de\/en\/wp-json\/wp\/v2\/pages"}],"about":[{"href":"https:\/\/rd-tax.de\/en\/wp-json\/wp\/v2\/types\/page"}],"author":[{"embeddable":true,"href":"https:\/\/rd-tax.de\/en\/wp-json\/wp\/v2\/users\/1"}],"replies":[{"embeddable":true,"href":"https:\/\/rd-tax.de\/en\/wp-json\/wp\/v2\/comments?post=1122"}],"version-history":[{"count":0,"href":"https:\/\/rd-tax.de\/en\/wp-json\/wp\/v2\/pages\/1122\/revisions"}],"wp:attachment":[{"href":"https:\/\/rd-tax.de\/en\/wp-json\/wp\/v2\/media?parent=1122"}],"curies":[{"name":"wp","href":"https:\/\/api.w.org\/{rel}","templated":true}]}}